{"id":1365,"date":"2026-02-01T22:23:57","date_gmt":"2026-02-01T21:23:57","guid":{"rendered":"https:\/\/www.cazenobia.com\/impressum\/"},"modified":"2026-03-24T10:37:28","modified_gmt":"2026-03-24T09:37:28","slug":"impressum","status":"publish","type":"page","link":"https:\/\/www.cazenobia.com\/de\/impressum\/","title":{"rendered":"IMPRESSUM"},"content":{"rendered":"<p>[et_pb_section fb_built=&#8220;1&#8243; admin_label=&#8220;section&#8220; _builder_version=&#8220;4.27.6&#8243; da_disable_devices=&#8220;off|off|off&#8220; global_colors_info=&#8220;{}&#8220; da_is_popup=&#8220;off&#8220; da_exit_intent=&#8220;off&#8220; da_has_close=&#8220;on&#8220; da_alt_close=&#8220;off&#8220; da_dark_close=&#8220;off&#8220; da_not_modal=&#8220;on&#8220; da_is_singular=&#8220;off&#8220; da_with_loader=&#8220;off&#8220; da_has_shadow=&#8220;on&#8220;][et_pb_row disabled_on=&#8220;off|off|off&#8220; admin_label=&#8220;riga&#8220; _builder_version=&#8220;4.27.6&#8243; background_size=&#8220;initial&#8220; background_position=&#8220;top_left&#8220; background_repeat=&#8220;repeat&#8220; global_colors_info=&#8220;{}&#8220;][et_pb_column type=&#8220;4_4&#8243; _builder_version=&#8220;4.16&#8243; custom_padding=&#8220;|||&#8220; global_colors_info=&#8220;{}&#8220; custom_padding__hover=&#8220;|||&#8220;][et_pb_text _builder_version=&#8220;4.27.4&#8243; _module_preset=&#8220;_initial&#8220; header_font=&#8220;Shippori Mincho||||||||&#8220; header_3_font=&#8220;Shippori Mincho||||||||&#8220; header_3_text_color=&#8220;#474747&#8243; header_3_font_size=&#8220;36px&#8220; header_3_line_height=&#8220;1.1em&#8220; custom_margin=&#8220;||10px||false|false&#8220; header_text_color_tablet=&#8220;&#8220; header_text_color_phone=&#8220;&#8220; header_text_color_last_edited=&#8220;on|tablet&#8220; header_font_size_tablet=&#8220;23px&#8220; header_font_size_phone=&#8220;&#8220; header_font_size_last_edited=&#8220;on|tablet&#8220; header_3_font_size_tablet=&#8220;33px&#8220; header_3_font_size_phone=&#8220;30px&#8220; header_3_font_size_last_edited=&#8220;on|phone&#8220; global_colors_info=&#8220;{}&#8220;]<\/p>\n<h3>Rechtliche Hinweise<br \/><\/h3>\n<p>[\/et_pb_text][et_pb_text admin_label=&#8220;Text&#8220; _builder_version=&#8220;4.27.6&#8243; text_font=&#8220;Montserrat||||||||&#8220; text_text_color=&#8220;#474747&#8243; text_font_size=&#8220;17px&#8220; link_font=&#8220;|600|||on|||#032B35|&#8220; link_text_color=&#8220;#032B35&#8243; header_2_font=&#8220;Shippori Mincho|500|||||||&#8220; header_2_text_color=&#8220;#BCAB91&#8243; background_size=&#8220;initial&#8220; background_position=&#8220;top_left&#8220; background_repeat=&#8220;repeat&#8220; global_colors_info=&#8220;{}&#8220;]<\/p>\n<p><strong><\/strong><\/p>\n<p><strong>Kontakt<\/strong><\/p>\n<p>Silvia Forlati via Pigno 3 Sommacampagna 37066 Verona<\/p>\n<p><a href=\"mailto:info@cazenobia.com\"><span style=\"text-decoration: underline;\"><em>info@cazenobia.com<\/em><\/span><\/a><\/p>\n<p><strong>Webdesign:<\/strong><\/p>\n<p>Berndl Paulitsch<\/p>\n<p><strong>Webunterst\u00fctzung<\/strong><\/p>\n<p>Sara Dazzani &#8211; <a href=\"http:\/\/www.studiowolfdazz.it\" target=\"_blank\" rel=\"noopener\"><em>Studio Wolfdazz<\/em><\/a><\/p>\n<p><strong>Videoaufnahmen:<\/strong><\/p>\n<p>Giovanni Fogu <em>giovannifogu.com<\/em><\/p>\n<p><strong>Bilder:<\/strong><\/p>\n<p>Valentina Fraccaroli <a href=\"http:\/\/www.valentinafraccaroli.i\"><em><\/em><\/a><em><a href=\"http:\/\/www.valentinafraccaroli.it\" target=\"_blank\" rel=\"noopener\">www.valentinafraccaroli.it <\/a><\/em> <\/p>\n<p>Fabio Borriello, Silvia &amp; Anna Forlati<\/p>\n<p>Keine Nutzung bzw. Vervielf\u00e4ltigung ohne Genehmigung <\/p>\n<p><strong>\u00a9 2025 Eredi Zeno Forlati<\/strong><\/p>\n<p>&nbsp;<\/p>\n<p>[\/et_pb_text][et_pb_text _builder_version=&#8220;4.27.4&#8243; _module_preset=&#8220;_initial&#8220; header_font=&#8220;Shippori Mincho||||||||&#8220; header_3_font=&#8220;Shippori Mincho||||||||&#8220; header_3_text_color=&#8220;#474747&#8243; header_3_font_size=&#8220;36px&#8220; header_3_line_height=&#8220;1.1em&#8220; custom_margin=&#8220;||10px||false|false&#8220; header_text_color_tablet=&#8220;&#8220; header_text_color_phone=&#8220;&#8220; header_text_color_last_edited=&#8220;on|tablet&#8220; header_font_size_tablet=&#8220;23px&#8220; header_font_size_phone=&#8220;&#8220; header_font_size_last_edited=&#8220;on|tablet&#8220; header_3_font_size_tablet=&#8220;33px&#8220; header_3_font_size_phone=&#8220;30px&#8220; header_3_font_size_last_edited=&#8220;on|phone&#8220; global_colors_info=&#8220;{}&#8220;][\/et_pb_text][et_pb_text admin_label=&#8220;Text&#8220; _builder_version=&#8220;4.27.4&#8243; text_font=&#8220;Montserrat||||||||&#8220; text_text_color=&#8220;#474747&#8243; text_font_size=&#8220;17px&#8220; header_2_font=&#8220;Shippori Mincho|500|||||||&#8220; header_2_text_color=&#8220;#BCAB91&#8243; background_size=&#8220;initial&#8220; background_position=&#8220;top_left&#8220; background_repeat=&#8220;repeat&#8220; global_colors_info=&#8220;{}&#8220;]<\/p>\n<p><strong>Nutzungsbedingungen<\/strong><\/p>\n<p>Die gesamte Website ist Eigentum der Erben von Zeno Forlati und durch nationale und internationale Urheberrechtsgesetze gesch\u00fctzt. Die Nutzung der Website ist ausschlie\u00dflich f\u00fcr private, pers\u00f6nliche und nichtkommerzielle Zwecke gestattet. Es ist Nutzern untersagt, die Inhalte der Website zu vervielf\u00e4ltigen, herunterzuladen, zu kopieren, zu speichern, zu ver\u00e4ndern, umzuformatieren, auszudrucken, anzuzeigen, zu ver\u00f6ffentlichen, zu \u00fcbertragen oder zu verbreiten, abgeleitete Werke davon zu erstellen oder die Inhalte f\u00fcr andere als private und nichtkommerzielle Zwecke zu nutzen, sofern nichts anderes mit den Erben von Zeno Forlati vereinbart wurde.<br \/>Nutzer verpflichten sich, alle Urheberrechts-, Marken- und sonstigen Hinweise auf der Website und ihren Inhalten zu beachten. Alle Rechte vorbehalten.   <\/p>\n<p><strong>Datenschutzhinweis<\/strong><\/p>\n<p>Diese Datenschutzerkl\u00e4rung gem\u00e4\u00df Artikel 13 der Verordnung (EU) 2016\/679 enth\u00e4lt Informationen \u00fcber die Verarbeitung personenbezogener Daten der Nutzer (\u201eNutzer\u201c), die die Website <span><a href=\"https:\/\/www.cazenobia.com\/it\/\">https:\/\/www.cazenobia.com <\/a><\/span>(\u201eWebsite\u201c) besuchen oder im Rahmen der Nutzung der Website personenbezogene Daten zur Verf\u00fcgung stellen<\/p>\n<p><strong>Anwendbare Rechtsvorschriften<\/strong><\/p>\n<ul>\n<li>Verordnung (EU) 2016\/679 des Europ\u00e4ischen Parlaments und des Rates vom 27. April 2016 zum Schutz nat\u00fcrlicher Personen bei der Verarbeitung personenbezogener Daten und zum freien Datenverkehr (Datenschutz-Grundverordnung \u2013 \u201eDSGVO\u201c)<\/li>\n<li>Gesetzesdekret vom 30. Juni 2003 Nr. 196 \u2013 Datenschutzkodex, angepasst an die Verordnung (EU) 2016\/679 (\u201eDatenschutzkodex\u201c) <\/li>\n<li>Gesetzesdekret vom 10. August 2018 Nr. 101 \u2013 Anpassung der nationalen Rechtsvorschriften an die DSGVO <\/li>\n<\/ul>\n<p><strong>Verantwortlicher f\u00fcr die Datenverarbeitung<\/strong><\/p>\n<p>Verantwortliche f\u00fcr die Verarbeitung personenbezogener Daten ist Silvia Forlati, im Namen und im Auftrag der Erben Zeno Forlati.<br \/>Antr\u00e4ge auf Berichtigung, L\u00f6schung oder Widerspruch k\u00f6nnen an folgende Adresse gerichtet werden: <span><a href=\"mailto:info@cazenobia.com\"><strong>info@cazenobia.com<\/strong><\/a><\/span><\/p>\n<p><strong>Navigationsdaten<\/strong><\/p>\n<p>Die f\u00fcr den Betrieb der Website verwendeten Computersysteme und Softwareprozesse erfassen im Normalbetrieb bestimmte personenbezogene Daten, deren \u00dcbermittlung durch die Nutzung von Internet-Kommunikationsprotokollen implizit erfolgt. Zu diesen Daten geh\u00f6ren IP-Adressen, Domainnamen der verwendeten Endger\u00e4te, URI-\/URL-Adressen angeforderter Ressourcen, Zeitpunkt der Anfrage usw. Diese Daten werden ausschlie\u00dflich zur Erstellung anonymer statistischer Informationen \u00fcber die Website-Nutzung und zur \u00dcberpr\u00fcfung ihrer ordnungsgem\u00e4\u00dfen Funktion verwendet. Sie werden unmittelbar nach der Verarbeitung oder sp\u00e4testens nach 30 Tagen gel\u00f6scht. <\/p>\n<p><strong>Cookies<\/strong><\/p>\n<p>Cookies sind kleine Textdateien, die w\u00e4hrend des Besuchs einer Website vom Server an das Endger\u00e4t des Nutzers (in der Regel den Browser) gesendet und dort gespeichert werden, bevor sie beim n\u00e4chsten Besuch wieder an dieselbe Website zur\u00fcckgesendet werden.<br \/>Diese Website verwendet ausschlie\u00dflich Session-Cookies. Diese werden nicht dauerhaft auf dem Ger\u00e4t des Nutzers gespeichert und beim Schlie\u00dfen des Browsers gel\u00f6scht. Sie dienen ausschlie\u00dflich der \u00dcbermittlung von Sitzungs-IDs (bestehend aus vom Server generierten Zufallszahlen), die f\u00fcr ein sicheres und effizientes Surfen auf der Website erforderlich sind, und enthalten keine personenbezogenen Daten.<br \/>Nutzer k\u00f6nnen ihre Ger\u00e4te so einstellen, dass alle Cookies akzeptiert werden, sie benachrichtigt werden, wenn ein Cookie gesendet wird, oder Cookies generell abgelehnt werden. <\/p>\n<p><strong>Bereitgestellte Daten<\/strong><\/p>\n<p>Die von den Nutzern bereitgestellten personenbezogenen Daten werden unter Einhaltung der geltenden gesetzlichen Bestimmungen ausschlie\u00dflich zu folgenden Zwecken verarbeitet<\/p>\n<ul>\n<li>Bereitstellung der angeforderten Informationen oder Dienstleistungen, ggf. in Zusammenarbeit mit Partnern;<\/li>\n<li>\u00dcbermittlung von Informationen \u00fcber geplante Aktivit\u00e4ten in Ca\u2019 Zenobia, sofern ausdr\u00fccklich gew\u00fcnscht;<\/li>\n<li>Weitergabe notwendiger Informationen an Unternehmen, Berater oder Kanzleien zur Erf\u00fcllung gesetzlicher Verpflichtungen;<\/li>\n<li>Erhebung anonymer Daten zu statistischen Zwecken.<br \/>Eine Weitergabe der personenbezogenen Daten an unbestimmte Dritte erfolgt nicht.<\/li>\n<\/ul>\n<p><strong>Art der Verarbeitung und Datensicherheit<\/strong><\/p>\n<p>Die personenbezogenen Daten werden mittels IT-, Telekommunikations- und\/oder papierbasierter Systeme unter Beachtung der Grunds\u00e4tze der Rechtm\u00e4\u00dfigkeit, Transparenz, Richtigkeit, Integrit\u00e4t, Datenminimierung sowie Zweck- und Speicherbegrenzung verarbeitet. Es werden geeignete technische, organisatorische und logistische Sicherheitsma\u00dfnahmen getroffen, um Datenverlust, Missbrauch oder unbefugten Zugriff zu verhindern. <\/p>\n<p><strong>Websites Dritter<\/strong><\/p>\n<p>Die Website kann Links zu Websites Dritter enthalten. F\u00fcr diese Websites gelten gegebenenfalls eigene Nutzungsbedingungen. Der Betreiber der Website cazenobia.com \u00fcbernimmt keine Verantwortung f\u00fcr Inhalte oder Datenschutzpraktiken dieser Websites und stellt die Links ausschlie\u00dflich als Service f\u00fcr die Nutzer zur Verf\u00fcgung.  <\/p>\n<p><strong>Rechte der betroffenen Personen<\/strong><\/p>\n<p>Betroffene Personen k\u00f6nnen jederzeit ihre Rechte gem\u00e4\u00df den geltenden Datenschutzbestimmungen aus\u00fcben, einschlie\u00dflich des Rechts auf Auskunft, Berichtigung, Aktualisierung, L\u00f6schung, Einschr\u00e4nkung oder Widerspruch gegen die Verarbeitung personenbezogener Daten sowie des Rechts auf Widerruf einer erteilten Einwilligung.<br \/>Anfragen sind zu richten an: <span><a href=\"mailto:info@cazenobia.com\"><strong>info@cazenobia.com<\/strong><\/a><\/span><\/p>\n<p><strong>Beschwerderecht<\/strong><\/p>\n<p>Betroffene Personen haben das Recht, bei der zust\u00e4ndigen Datenschutzaufsichtsbeh\u00f6rde Beschwerde einzulegen oder den Rechtsweg zu beschreiten, wenn sie der Ansicht sind, dass die Verarbeitung ihrer personenbezogenen Daten gegen die DSGVO verst\u00f6\u00dft.<br \/>Website der italienischen Datenschutzbeh\u00f6rde: <span><a href=\"http:\/\/www.garanteprivacy.it\" target=\"_blank\" rel=\"noopener\">www.garanteprivacy.it<\/a><\/span><\/p>\n<p>[\/et_pb_text][\/et_pb_column][\/et_pb_row][\/et_pb_section]<\/p>\n","protected":false},"excerpt":{"rendered":"<p>Rechtliche Hinweise Kontakt Silvia Forlati via Pigno 3 Sommacampagna 37066 Verona info@cazenobia.com Webdesign: Berndl Paulitsch Webunterst\u00fctzung Sara Dazzani &#8211; Studio Wolfdazz Videoaufnahmen: Giovanni Fogu giovannifogu.com Bilder: Valentina Fraccaroli www.valentinafraccaroli.it Fabio Borriello, Silvia &amp; Anna Forlati Keine Nutzung bzw. Vervielf\u00e4ltigung ohne Genehmigung \u00a9 2025 Eredi Zeno Forlati &nbsp;Nutzungsbedingungen Die gesamte Website ist Eigentum der Erben von Zeno Forlati und durch nationale und internationale Urheberrechtsgesetze gesch\u00fctzt. Die Nutzung der Website ist ausschlie\u00dflich f\u00fcr private, pers\u00f6nliche und nichtkommerzielle Zwecke gestattet. Es ist Nutzern untersagt, die Inhalte der Website zu vervielf\u00e4ltigen, herunterzuladen, zu kopieren, zu speichern, zu ver\u00e4ndern, umzuformatieren, auszudrucken, anzuzeigen, zu ver\u00f6ffentlichen, zu \u00fcbertragen oder zu verbreiten, abgeleitete Werke davon zu erstellen oder die Inhalte f\u00fcr andere als private und nichtkommerzielle Zwecke zu nutzen, sofern nichts anderes mit den Erben von Zeno Forlati vereinbart wurde.Nutzer verpflichten sich, alle Urheberrechts-, Marken- und sonstigen Hinweise auf der Website und ihren Inhalten zu beachten. Alle Rechte vorbehalten. Datenschutzhinweis Diese Datenschutzerkl\u00e4rung gem\u00e4\u00df Artikel 13 der Verordnung (EU) 2016\/679 enth\u00e4lt Informationen \u00fcber die Verarbeitung personenbezogener Daten der Nutzer (\u201eNutzer\u201c), die die Website https:\/\/www.cazenobia.com (\u201eWebsite\u201c) besuchen oder im Rahmen der Nutzung der Website personenbezogene Daten zur Verf\u00fcgung stellen Anwendbare Rechtsvorschriften Verordnung (EU) 2016\/679 des Europ\u00e4ischen Parlaments und des Rates [&hellip;]<\/p>\n","protected":false},"author":3,"featured_media":0,"parent":0,"menu_order":0,"comment_status":"closed","ping_status":"closed","template":"","meta":{"_et_pb_use_builder":"on","_et_pb_old_content":"","_et_gb_content_width":"","footnotes":""},"class_list":["post-1365","page","type-page","status-publish","hentry"],"_links":{"self":[{"href":"https:\/\/www.cazenobia.com\/de\/wp-json\/wp\/v2\/pages\/1365","targetHints":{"allow":["GET"]}}],"collection":[{"href":"https:\/\/www.cazenobia.com\/de\/wp-json\/wp\/v2\/pages"}],"about":[{"href":"https:\/\/www.cazenobia.com\/de\/wp-json\/wp\/v2\/types\/page"}],"author":[{"embeddable":true,"href":"https:\/\/www.cazenobia.com\/de\/wp-json\/wp\/v2\/users\/3"}],"replies":[{"embeddable":true,"href":"https:\/\/www.cazenobia.com\/de\/wp-json\/wp\/v2\/comments?post=1365"}],"version-history":[{"count":0,"href":"https:\/\/www.cazenobia.com\/de\/wp-json\/wp\/v2\/pages\/1365\/revisions"}],"wp:attachment":[{"href":"https:\/\/www.cazenobia.com\/de\/wp-json\/wp\/v2\/media?parent=1365"}],"curies":[{"name":"wp","href":"https:\/\/api.w.org\/{rel}","templated":true}]}}