{"id":1223,"date":"2026-02-01T22:19:26","date_gmt":"2026-02-01T21:19:26","guid":{"rendered":"https:\/\/www.cazenobia.com\/anreise\/"},"modified":"2026-03-22T15:40:01","modified_gmt":"2026-03-22T14:40:01","slug":"anreise","status":"publish","type":"page","link":"https:\/\/www.cazenobia.com\/de\/anreise\/","title":{"rendered":"ANREISE"},"content":{"rendered":"<p>[et_pb_section fb_built=&#8220;1&#8243; admin_label=&#8220;About&#8220; module_id=&#8220;ilgiardino&#8220; _builder_version=&#8220;4.27.5&#8243; _module_preset=&#8220;default&#8220; background_color=&#8220;#032B35&#8243; custom_padding=&#8220;3vw||3vw||true|false&#8220; da_disable_devices=&#8220;off|off|off&#8220; collapsed=&#8220;on&#8220; global_colors_info=&#8220;{}&#8220; da_is_popup=&#8220;off&#8220; da_exit_intent=&#8220;off&#8220; da_has_close=&#8220;on&#8220; da_alt_close=&#8220;off&#8220; da_dark_close=&#8220;off&#8220; da_not_modal=&#8220;on&#8220; da_is_singular=&#8220;off&#8220; da_with_loader=&#8220;off&#8220; da_has_shadow=&#8220;on&#8220;][et_pb_row _builder_version=&#8220;4.27.6&#8243; _module_preset=&#8220;default&#8220; max_width=&#8220;100%&#8220; custom_padding=&#8220;||0px|||&#8220; global_colors_info=&#8220;{}&#8220;][et_pb_column type=&#8220;4_4&#8243; _builder_version=&#8220;4.24.1&#8243; _module_preset=&#8220;default&#8220; global_colors_info=&#8220;{}&#8220;][et_pb_text _builder_version=&#8220;4.27.6&#8243; _module_preset=&#8220;_initial&#8220; header_font=&#8220;Shippori Mincho||||||||&#8220; header_3_font=&#8220;Shippori Mincho||||||||&#8220; header_3_text_color=&#8220;#FFFFFF&#8220; header_3_font_size=&#8220;36px&#8220; header_3_line_height=&#8220;1.1em&#8220; custom_margin=&#8220;||10px||false|false&#8220; header_text_color_tablet=&#8220;&#8220; header_text_color_phone=&#8220;&#8220; header_text_color_last_edited=&#8220;on|tablet&#8220; header_font_size_tablet=&#8220;23px&#8220; header_font_size_phone=&#8220;23px&#8220; header_font_size_last_edited=&#8220;on|tablet&#8220; header_3_font_size_tablet=&#8220;33px&#8220; header_3_font_size_phone=&#8220;30px&#8220; header_3_font_size_last_edited=&#8220;on|phone&#8220; global_colors_info=&#8220;{}&#8220;]<\/p>\n<h3>Anreise nach Ca\u2019 Zenobia<\/h3>\n<p>[\/et_pb_text][\/et_pb_column][\/et_pb_row][\/et_pb_section][et_pb_section fb_built=&#8220;1&#8243; admin_label=&#8220;Menu&#8220; module_id=&#8220;ferdinandoforlati&#8220; _builder_version=&#8220;4.27.6&#8243; _module_preset=&#8220;default&#8220; background_color=&#8220;RGBA(255,255,255,0)&#8220; da_disable_devices=&#8220;off|off|off&#8220; collapsed=&#8220;on&#8220; global_colors_info=&#8220;{}&#8220; da_is_popup=&#8220;off&#8220; da_exit_intent=&#8220;off&#8220; da_has_close=&#8220;on&#8220; da_alt_close=&#8220;off&#8220; da_dark_close=&#8220;off&#8220; da_not_modal=&#8220;on&#8220; da_is_singular=&#8220;off&#8220; da_with_loader=&#8220;off&#8220; da_has_shadow=&#8220;on&#8220;][et_pb_row column_structure=&#8220;3_5,2_5&#8243; _builder_version=&#8220;4.27.6&#8243; _module_preset=&#8220;default&#8220; width_last_edited=&#8220;off|desktop&#8220; max_width=&#8220;100%&#8220; locked=&#8220;off&#8220; global_colors_info=&#8220;{}&#8220; width__hover_enabled=&#8220;off|desktop&#8220;][et_pb_column type=&#8220;3_5&#8243; _builder_version=&#8220;4.24.1&#8243; _module_preset=&#8220;default&#8220; global_colors_info=&#8220;{}&#8220;][et_pb_text _builder_version=&#8220;4.27.4&#8243; _module_preset=&#8220;_initial&#8220; text_font=&#8220;Montserrat|300|||||||&#8220; text_text_color=&#8220;#474747&#8243; text_font_size=&#8220;19px&#8220; min_height=&#8220;83.2px&#8220; text_font_size_tablet=&#8220;18px&#8220; text_font_size_phone=&#8220;17px&#8220; text_font_size_last_edited=&#8220;on|phone&#8220; global_colors_info=&#8220;{}&#8220;]<\/p>\n<div class=\"page\" title=\"Pagina 21\">\n<div class=\"layoutArea\">\n<div class=\"column\">\n<p><strong>Fahrrad:<\/strong> Ca\u2019 Zenobia liegt auf der Ciclovia del Sole, der \u00fcberregionalen Radroute, die vom Brenner \u00fcber Verona bis nach Bologna und Florenz f\u00fchrt.<\/p>\n<p>&nbsp;<\/p>\n<p><strong>\u00d6ffentliche Verkehrsmittel:<\/strong> Busverbindungen von Verona und Umgebung nach Sommacampagna bestehen regelm\u00e4\u00dfig. Vom Busbahnhof aus sind es etwa 10\u202fMinuten zu Fu\u00df zum Anwesen <\/p>\n<p>&nbsp;<\/p>\n<p><strong>Auto:<\/strong> Von Verona aus erreichen Sie Ca\u2019 Zenobia in ca. 20\u202fMinuten \u00fcber die SR62 oder SP24. Sommacampagna liegt direkt an der Autobahn A22, was eine bequeme Anreise aus allen Richtungen erm\u00f6glicht. Parkm\u00f6glichkeiten sind direkt vor Ort vorhanden  <\/p>\n<p>&nbsp;<\/p>\n<p><strong>Flugzeug:<\/strong> Der n\u00e4chstgelegene Flughafen ist Verona Villafranca (Valerio Catullo), nur etwa 15\u202fkm entfernt. Taxis, Mietwagen oder Shuttle-Services sind verf\u00fcgbar. <\/p>\n<p>&nbsp;<\/p>\n<\/div>\n<\/div>\n<\/div>\n<p>[\/et_pb_text][\/et_pb_column][et_pb_column type=&#8220;2_5&#8243; _builder_version=&#8220;4.27.5&#8243; _module_preset=&#8220;default&#8220; global_colors_info=&#8220;{}&#8220;][\/et_pb_column][\/et_pb_row][\/et_pb_section][et_pb_section fb_built=&#8220;1&#8243; fullwidth=&#8220;on&#8220; _builder_version=&#8220;4.16&#8243; da_disable_devices=&#8220;off|off|off&#8220; global_colors_info=&#8220;{}&#8220; da_is_popup=&#8220;off&#8220; da_exit_intent=&#8220;off&#8220; da_has_close=&#8220;on&#8220; da_alt_close=&#8220;off&#8220; da_dark_close=&#8220;off&#8220; da_not_modal=&#8220;on&#8220; da_is_singular=&#8220;off&#8220; da_with_loader=&#8220;off&#8220; da_has_shadow=&#8220;on&#8220;][et_pb_fullwidth_code _builder_version=&#8220;4.16&#8243; global_colors_info=&#8220;{}&#8220;]<iframe loading=\"lazy\" src=\"https:\/\/www.google.com\/maps\/embed?pb=!1m18!1m12!1m3!1d2801.058372288448!2d10.83981637756372!3d45.40816247107326!2m3!1f0!2f0!3f0!3m2!1i1024!2i768!4f13.1!3m3!1m2!1s0x4781e71541aaa725%3A0x3d8d437d5b6e7d2a!2sVia%20Pigno%2C%203%2C%2037066%20Sommacampagna%20VR%2C%20Italien!5e0!3m2!1sde!2sat!4v1769886589877!5m2!1sde!2sat\" width=\"100%\" height=\"500\" frameborder=\"0\" style=\"border:0\" allowfullscreen=\"\"><\/iframe>[\/et_pb_fullwidth_code][\/et_pb_section]<\/p>\n","protected":false},"excerpt":{"rendered":"<p>Anreise nach Ca\u2019 Zenobia Fahrrad: Ca\u2019 Zenobia liegt auf der Ciclovia del Sole, der \u00fcberregionalen Radroute, die vom Brenner \u00fcber Verona bis nach Bologna und Florenz f\u00fchrt. &nbsp; \u00d6ffentliche Verkehrsmittel: Busverbindungen von Verona und Umgebung nach Sommacampagna bestehen regelm\u00e4\u00dfig. Vom Busbahnhof aus sind es etwa 10\u202fMinuten zu Fu\u00df zum Anwesen &nbsp; Auto: Von Verona aus erreichen Sie Ca\u2019 Zenobia in ca. 20\u202fMinuten \u00fcber die SR62 oder SP24. Sommacampagna liegt direkt an der Autobahn A22, was eine bequeme Anreise aus allen Richtungen erm\u00f6glicht. Parkm\u00f6glichkeiten sind direkt vor Ort vorhanden &nbsp; Flugzeug: Der n\u00e4chstgelegene Flughafen ist Verona Villafranca (Valerio Catullo), nur etwa 15\u202fkm entfernt. Taxis, Mietwagen oder Shuttle-Services sind verf\u00fcgbar. &nbsp;<\/p>\n","protected":false},"author":3,"featured_media":0,"parent":0,"menu_order":0,"comment_status":"closed","ping_status":"closed","template":"","meta":{"_et_pb_use_builder":"on","_et_pb_old_content":"","_et_gb_content_width":"","footnotes":""},"class_list":["post-1223","page","type-page","status-publish","hentry"],"_links":{"self":[{"href":"https:\/\/www.cazenobia.com\/de\/wp-json\/wp\/v2\/pages\/1223","targetHints":{"allow":["GET"]}}],"collection":[{"href":"https:\/\/www.cazenobia.com\/de\/wp-json\/wp\/v2\/pages"}],"about":[{"href":"https:\/\/www.cazenobia.com\/de\/wp-json\/wp\/v2\/types\/page"}],"author":[{"embeddable":true,"href":"https:\/\/www.cazenobia.com\/de\/wp-json\/wp\/v2\/users\/3"}],"replies":[{"embeddable":true,"href":"https:\/\/www.cazenobia.com\/de\/wp-json\/wp\/v2\/comments?post=1223"}],"version-history":[{"count":0,"href":"https:\/\/www.cazenobia.com\/de\/wp-json\/wp\/v2\/pages\/1223\/revisions"}],"wp:attachment":[{"href":"https:\/\/www.cazenobia.com\/de\/wp-json\/wp\/v2\/media?parent=1223"}],"curies":[{"name":"wp","href":"https:\/\/api.w.org\/{rel}","templated":true}]}}